{"id":22,"date":"2024-01-02T16:05:32","date_gmt":"2024-01-02T15:05:32","guid":{"rendered":"https:\/\/egliseunity.com\/?page_id=22"},"modified":"2024-04-28T14:19:40","modified_gmt":"2024-04-28T12:19:40","slug":"soutenir","status":"publish","type":"page","link":"https:\/\/www.egliseunity.com\/index.php\/soutenir\/","title":{"rendered":"SOUTENIR"},"content":{"rendered":"\n<p>Exercer l&rsquo;amour par des actes concrets, c&rsquo;est ce que fait l&rsquo;\u00e9glise aux travers de diverses activit\u00e9s tels que l&rsquo;aide alimentaire, la friperie, l&rsquo;aum\u00f4nerie dans les prisons et h\u00f4pitaux,&#8230;<\/p>\n","protected":false},"excerpt":{"rendered":"<p>Exercer l&rsquo;amour par des actes concrets, c&rsquo;est ce que fait l&rsquo;\u00e9glise aux travers de diverses activit\u00e9s tels que l&rsquo;aide alimentaire, la friperie, l&rsquo;aum\u00f4nerie dans les prisons et h\u00f4pitaux,&#8230;<\/p>\n","protected":false},"author":1,"featured_media":334,"parent":0,"menu_order":0,"comment_status":"closed","ping_status":"closed","template":"","meta":{"footnotes":""},"class_list":["post-22","page","type-page","status-publish","has-post-thumbnail","hentry"],"_links":{"self":[{"href":"https:\/\/www.egliseunity.com\/index.php\/wp-json\/wp\/v2\/pages\/22","targetHints":{"allow":["GET"]}}],"collection":[{"href":"https:\/\/www.egliseunity.com\/index.php\/wp-json\/wp\/v2\/pages"}],"about":[{"href":"https:\/\/www.egliseunity.com\/index.php\/wp-json\/wp\/v2\/types\/page"}],"author":[{"embeddable":true,"href":"https:\/\/www.egliseunity.com\/index.php\/wp-json\/wp\/v2\/users\/1"}],"replies":[{"embeddable":true,"href":"https:\/\/www.egliseunity.com\/index.php\/wp-json\/wp\/v2\/comments?post=22"}],"version-history":[{"count":1,"href":"https:\/\/www.egliseunity.com\/index.php\/wp-json\/wp\/v2\/pages\/22\/revisions"}],"predecessor-version":[{"id":24,"href":"https:\/\/www.egliseunity.com\/index.php\/wp-json\/wp\/v2\/pages\/22\/revisions\/24"}],"wp:featuredmedia":[{"embeddable":true,"href":"https:\/\/www.egliseunity.com\/index.php\/wp-json\/wp\/v2\/media\/334"}],"wp:attachment":[{"href":"https:\/\/www.egliseunity.com\/index.php\/wp-json\/wp\/v2\/media?parent=22"}],"curies":[{"name":"wp","href":"https:\/\/api.w.org\/{rel}","templated":true}]}}