{"id":52,"date":"2024-01-03T08:06:38","date_gmt":"2024-01-03T07:06:38","guid":{"rendered":"https:\/\/www.egliseunity.com\/?page_id=52"},"modified":"2024-04-28T14:19:40","modified_gmt":"2024-04-28T12:19:40","slug":"notre-vision","status":"publish","type":"page","link":"https:\/\/www.egliseunity.com\/index.php\/notre-vision\/","title":{"rendered":"NOTRE VISION"},"content":{"rendered":"\n<p>Unis les uns avec les autres levons nous ensemble pour notre Seigneur.<\/p>\n\n\n\n<p>Notre vision est centr\u00e9e sur l\u2019Amour pour Dieu<\/p>\n\n\n\n<p>et pour notre prochain (Matthieu 22.36-40).<\/p>\n\n\n\n<p>\u200b<\/p>\n\n\n\n<p>Parmi tout ce que la Bible enseigne, parmi tout ce que nous pouvons conna\u00eetre<\/p>\n\n\n\n<p>sur la terre ou dans le ciel,&nbsp;le plus important c\u2019est l\u2019Amour ! (1 Corinthiens 13).<\/p>\n\n\n\n<p>Ces versets nous tiennent particuli\u00e8rement \u00e0 c\u0153ur :<\/p>\n\n\n\n<p>\u200b<\/p>\n\n\n\n<p><em>\u00ab Allez, faites de toutes les nations des disciples,<\/em><\/p>\n\n\n\n<p><em>les baptisant au nom du P\u00e8re, du Fils et du Saint Esprit,<\/em><\/p>\n\n\n\n<p><em>&nbsp;et enseignez leur \u00e0 observer tout ce que je vous ai prescrit.<\/em><\/p>\n\n\n\n<p><em>Et voici, je suis avec vous tous les jours, jusqu&rsquo;\u00e0 la fin du monde \u00bb<\/em>&nbsp;&nbsp;<\/p>\n\n\n\n<p>(Matthieu 28.19-20)<\/p>\n\n\n\n<p>\u200b<\/p>\n\n\n\n<p><\/p>\n\n\n\n<p>\u200b<\/p>\n\n\n\n<p>Nos activit\u00e9s se d\u00e9ploient autour de ces trois aspects :<\/p>\n\n\n\n<p><em>Aller, Former, R\u00e9unir.<\/em><\/p>\n\n\n\n<p>\u200b<\/p>\n\n\n\n<p><strong>Nos valeurs sont les suivantes :<\/strong><\/p>\n\n\n\n<p><strong>\u200b<\/strong><\/p>\n\n\n\n<p>Toujours aimer&nbsp;<em>(dans le culte et dans l\u2019amour du prochain)<\/em><\/p>\n\n\n\n<p>Toujours fid\u00e8le \u00e0 la Bible&nbsp;<em>(la vivre et l\u2019enseigner)<\/em><\/p>\n\n\n\n<p>Toujours favoriser une vie spirituelle intense sous l\u2019action<\/p>\n\n\n\n<p>du Saint-Esprit&nbsp;<em>(louange, adoration, intercession, dons spirituels)<\/em><\/p>\n\n\n\n<p>Toujours encourager \u00e0 servir&nbsp;<em>(d\u00e9l\u00e9gation, stimuler les dons et talents,<\/em><\/p>\n\n\n\n<p><em>travail en \u00e9quipe, lib\u00e9rer les potentiels et les projets)<\/em><\/p>\n\n\n\n<p>Toujours \u00eatre constructifs en manifestant la gr\u00e2ce de Dieu<\/p>\n\n\n\n<p><em>(parler et agir pour \u00e9difier : unit\u00e9, communion fraternelle,<\/em><\/p>\n\n\n\n<p><em>compassion, proximit\u00e9, bienveillance)<\/em><\/p>\n\n\n\n<p>Toujours s\u2019am\u00e9liorer&nbsp;<em>(recherche de progr\u00e8s,<\/em><\/p>\n\n\n\n<p><em>d\u2019excellence et de maturit\u00e9, souplesse, adaptabilit\u00e9).<\/em><\/p>\n\n\n\n<p>Notre vocation consiste \u00e0 donner<\/p>\n\n\n\n<p>gloire \u00e0 Dieu<em>&nbsp;(lui rendre un culte, l\u2019adorer)<\/em><\/p>\n\n\n\n<p>Former des disciples\/serviteurs de J\u00e9sus<\/p>\n\n\n\n<p>\u200b<\/p>\n\n\n\n<p>Faire conna\u00eetre J\u00e9sus au plus grand nombre<\/p>\n\n\n\n<p>B\u00e9nir le plus grand nombre<\/p>\n\n\n\n<p><em>(d\u00e9munis, familles, jeunes, ados, enfants, a\u00een\u00e9s, couples, c\u00e9libataires, etc.)<\/em><\/p>\n\n\n\n<p>19 avenue du ch\u00e2taignier, 06600 Antibes<\/p>\n","protected":false},"excerpt":{"rendered":"<p>Unis les uns avec les autres levons nous ensemble pour notre Seigneur. Notre vision est centr\u00e9e sur l\u2019Amour pour Dieu et pour notre prochain (Matthieu 22.36-40). \u200b Parmi tout ce [&hellip;]<\/p>\n","protected":false},"author":1,"featured_media":329,"parent":0,"menu_order":0,"comment_status":"closed","ping_status":"closed","template":"","meta":{"footnotes":""},"class_list":["post-52","page","type-page","status-publish","has-post-thumbnail","hentry"],"_links":{"self":[{"href":"https:\/\/www.egliseunity.com\/index.php\/wp-json\/wp\/v2\/pages\/52","targetHints":{"allow":["GET"]}}],"collection":[{"href":"https:\/\/www.egliseunity.com\/index.php\/wp-json\/wp\/v2\/pages"}],"about":[{"href":"https:\/\/www.egliseunity.com\/index.php\/wp-json\/wp\/v2\/types\/page"}],"author":[{"embeddable":true,"href":"https:\/\/www.egliseunity.com\/index.php\/wp-json\/wp\/v2\/users\/1"}],"replies":[{"embeddable":true,"href":"https:\/\/www.egliseunity.com\/index.php\/wp-json\/wp\/v2\/comments?post=52"}],"version-history":[{"count":2,"href":"https:\/\/www.egliseunity.com\/index.php\/wp-json\/wp\/v2\/pages\/52\/revisions"}],"predecessor-version":[{"id":106,"href":"https:\/\/www.egliseunity.com\/index.php\/wp-json\/wp\/v2\/pages\/52\/revisions\/106"}],"wp:featuredmedia":[{"embeddable":true,"href":"https:\/\/www.egliseunity.com\/index.php\/wp-json\/wp\/v2\/media\/329"}],"wp:attachment":[{"href":"https:\/\/www.egliseunity.com\/index.php\/wp-json\/wp\/v2\/media?parent=52"}],"curies":[{"name":"wp","href":"https:\/\/api.w.org\/{rel}","templated":true}]}}