{"id":56,"date":"2024-01-03T08:08:47","date_gmt":"2024-01-03T07:08:47","guid":{"rendered":"https:\/\/www.egliseunity.com\/?page_id=56"},"modified":"2024-04-28T14:19:40","modified_gmt":"2024-04-28T12:19:40","slug":"notre-histoire","status":"publish","type":"page","link":"https:\/\/www.egliseunity.com\/index.php\/notre-histoire\/","title":{"rendered":"NOTRE HISTOIRE"},"content":{"rendered":"\n<p>C\u2019est en 1935 dans une salle de cin\u00e9ma, pr\u00e8s de la vieille ville, que le pasteur Douglas Scott pr\u00eache le message de l\u2019Evangile pour la premi\u00e8re fois \u00e0 Antibes.<\/p>\n\n\n\n<p>L\u00e0, des dizaines de personnes trouvent le r\u00e9confort et une vie nouvelle par la foi en J\u00e9sus Christ.<\/p>\n\n\n\n<p><br>Par la suite cette Eglise naissante se r\u00e9unit chez des chr\u00e9tiens d\u2019Antibes, jusqu\u2019\u00e0 ce que soit trouv\u00e9 un premier lieu de culte officiel en 1936.<\/p>\n\n\n\n<p><br>La communaut\u00e9 s\u2019agrandit d\u2019ann\u00e9e en ann\u00e9e et se maintient malgr\u00e9 la guerre. L\u2019Eglise se structure par la suite et elle emm\u00e9nage Rue Pasteur en 1953, o\u00f9 elle est officiellement d\u00e9clar\u00e9e, jusqu\u2019en 1989 o\u00f9 elle s\u2019installe au 19 Avenue du Ch\u00e2taignier.<\/p>\n\n\n\n<p>Elle croit \u00e0 la force de la pri\u00e8re et s\u2019investit particuli\u00e8rement en faveur des habitants de la ville, par un caf\u00e9-bar puis par une friperie et une banque alimentaire, d\u00e9montrant ainsi l\u2019amour de Dieu par ses actes.<\/p>\n\n\n\n<p>L\u2019Evangile r\u00e9pond aux aspirations des populations de tous \u00e2ges, qui s\u2018attachent de plus en plus nombreuses au Seigneur J\u00e9sus-Christ. L\u2019Eglise r\u00e9unit ainsi plusieurs centaines de personnes chaque semaine dans une salle passant successivement de 300 places, \u00e0 400, puis \u00e0 600 places.<\/p>\n\n\n\n<p>L\u2019Eglise Unity s\u2019efforce ainsi de faire conna\u00eetre la gr\u00e2ce de Dieu au plus grand nombre, accompagnant femmes, hommes et familles dans une vie chr\u00e9tienne fervente et authentique.<\/p>\n","protected":false},"excerpt":{"rendered":"<p>C\u2019est en 1935 dans une salle de cin\u00e9ma, pr\u00e8s de la vieille ville, que le pasteur Douglas Scott pr\u00eache le message de l\u2019Evangile pour la premi\u00e8re fois \u00e0 Antibes. L\u00e0, [&hellip;]<\/p>\n","protected":false},"author":1,"featured_media":381,"parent":0,"menu_order":0,"comment_status":"closed","ping_status":"closed","template":"","meta":{"footnotes":""},"class_list":["post-56","page","type-page","status-publish","has-post-thumbnail","hentry"],"_links":{"self":[{"href":"https:\/\/www.egliseunity.com\/index.php\/wp-json\/wp\/v2\/pages\/56","targetHints":{"allow":["GET"]}}],"collection":[{"href":"https:\/\/www.egliseunity.com\/index.php\/wp-json\/wp\/v2\/pages"}],"about":[{"href":"https:\/\/www.egliseunity.com\/index.php\/wp-json\/wp\/v2\/types\/page"}],"author":[{"embeddable":true,"href":"https:\/\/www.egliseunity.com\/index.php\/wp-json\/wp\/v2\/users\/1"}],"replies":[{"embeddable":true,"href":"https:\/\/www.egliseunity.com\/index.php\/wp-json\/wp\/v2\/comments?post=56"}],"version-history":[{"count":2,"href":"https:\/\/www.egliseunity.com\/index.php\/wp-json\/wp\/v2\/pages\/56\/revisions"}],"predecessor-version":[{"id":160,"href":"https:\/\/www.egliseunity.com\/index.php\/wp-json\/wp\/v2\/pages\/56\/revisions\/160"}],"wp:featuredmedia":[{"embeddable":true,"href":"https:\/\/www.egliseunity.com\/index.php\/wp-json\/wp\/v2\/media\/381"}],"wp:attachment":[{"href":"https:\/\/www.egliseunity.com\/index.php\/wp-json\/wp\/v2\/media?parent=56"}],"curies":[{"name":"wp","href":"https:\/\/api.w.org\/{rel}","templated":true}]}}