{"id":59,"date":"2024-01-03T08:09:44","date_gmt":"2024-01-03T07:09:44","guid":{"rendered":"https:\/\/www.egliseunity.com\/?page_id=59"},"modified":"2024-04-28T14:19:40","modified_gmt":"2024-04-28T12:19:40","slug":"notre-affiliation-add","status":"publish","type":"page","link":"https:\/\/www.egliseunity.com\/index.php\/notre-affiliation-add\/","title":{"rendered":"NOTRE AFFILIATION ADD"},"content":{"rendered":"\n<p>Que sont les Assembl\u00e9es de Dieu (ADD)? Pourquoi ce nom \u00abAssembl\u00e9es de Dieu\u00bb? Que sont-elles? Qu\u2019enseignent-elles? Quelles sont leurs pratiques?<\/p>\n\n\n\n<p>Les Assembl\u00e9es de Dieu, \u00e9tablies en France par le mouvement de Pentec\u00f4te, sont, au XXe si\u00e8cle, la continuation fid\u00e8le des assembl\u00e9es ou \u00c9glises chr\u00e9tiennes des temps apostoliques d\u00e9crites par les \u00c9critures (le mot grec ecclesia signifie assembl\u00e9e).<\/p>\n\n\n\n<p>On ne saurait par cons\u00e9quent les qualifier de \u00abreligion nouvelle\u00bb ou les assimiler \u00e0 telles \u00absectes\u00bb aux enseignements en contradiction avec la v\u00e9rit\u00e9 \u00e9vang\u00e9lique.<\/p>\n\n\n\n<p>Les Assembl\u00e9es de Dieu sont r\u00e9pandues dans le monde entier. Elles rassemblent des hommes et des femmes de toutes races, de toutes couleurs et de toutes conditions sociales, amen\u00e9s \u00e0 une foi vivante par la pr\u00e9dication du \u00abPlein \u00c9vangile\u00bb accompagn\u00e9e de signes et de miracles, avec la puissance du Saint-Esprit. Beaucoup, en leur sein, red\u00e9couvrent le christianisme des temps apostoliques dans toute sa spontan\u00e9it\u00e9, sa puissance et son efficacit\u00e9 primitive.<\/p>\n\n\n\n<p>Elles n\u2019ont ni maison-m\u00e8re, ni autorit\u00e9 centrale, ni fondateur humain, et ne reconnaissent qu\u2019un seul livre faisant autorit\u00e9 en mati\u00e8re de foi: la Bible, Parole inspir\u00e9e de Dieu.<\/p>\n\n\n\n<p>Il suffit de faire la lecture du Nouveau Testament (2e partie de la Bible), dans n\u2019importe quelle \u00e9dition, pour conna\u00eetre exactement quelles sont leurs croyances et leurs pratiques.<\/p>\n\n\n\n<p>Elles enseignent uniquement les doctrines contenues dans la Bible, en particulier: le salut par la gr\u00e2ce, don gratuit de Dieu qui se re\u00e7oit par la foi en J\u00e9sus-Christ, en son oeuvre expiatoire, et se traduit par une transformation de la vie, par une grande puret\u00e9 de conduite, par l\u2019amour du prochain et la pr\u00e9paration active et vigilante au retour de notre Seigneur J\u00e9sus-Christ.<\/p>\n\n\n\n<p>De m\u00eame, c\u2019est dans la simplicit\u00e9 \u00e9vang\u00e9lique qu\u2019elles pratiquent les seuls rites d\u00e9crits dans le Nouveau Testament, \u00e0 savoir :<\/p>\n\n\n\n<ul class=\"wp-block-list\">\n<li>Le bapt\u00eame, immersion de ceux qui ont cru et prennent, en connaissance de cause, l\u2019engagement de conformer leur vie \u00e0 la v\u00e9rit\u00e9 de l\u2019\u00c9vangile (Matthieu 28.19 ; Marc 16.16 ; 1 Pierre 3.21).<\/li>\n\n\n\n<li>La Sainte C\u00e8ne, communion avec le pain et le vin distribu\u00e9s \u00e0 tous les membres fid\u00e8les de la communaut\u00e9 (1 Corinthiens 11.23-29).<\/li>\n\n\n\n<li>L\u2019onction d\u2019huile, pour la gu\u00e9rison des chr\u00e9tiens malades qui se r\u00e9clament de la communion fraternelle, de l\u2019intercession de l\u2019Eglise et de la pri\u00e8re de la foi (Jacques 5.14-15).<\/li>\n\n\n\n<li>L\u2019imposition des mains pour la gu\u00e9rison des malades, lors des r\u00e9unions publiques ainsi qu\u2019au sein de dans la communaut\u00e9, pour la r\u00e9ception du Saint-Esprit, avec tous les signes, les gr\u00e2ces et les dons qu\u2019il conf\u00e8re (Marc 16.18).<\/li>\n\n\n\n<li>Croyant \u00e0 la v\u00e9rit\u00e9 des enseignements bibliques concernant la gu\u00e9rison divine, les Assembl\u00e9es de Dieu ne se posent pas en adversaires de la m\u00e9decine dont elles reconnaissent et appr\u00e9cient les succ\u00e8s, et se gardent de condamner le recours \u00e0 ses lumi\u00e8res.<\/li>\n\n\n\n<li>Convaincues que : \u00ab\u2026 Le Royaume de Dieu n\u2019est pas le manger et le boire, mais la paix, la justice et la joie par le Saint-Esprit\u00bb (Romains 14.17), elles ne prescrivent ni abstention d\u2019aliments, ni r\u00e9gime, mais la seule r\u00e8gle \u00e9vang\u00e9lique: sobri\u00e9t\u00e9 en toutes choses.<\/li>\n\n\n\n<li>Elles s\u2019interdisent toute pol\u00e9mique avec n\u2019importe quelle organisation, religieuse ou autre. Leur but n\u2019est pas en effet de diviser les esprits, mais d\u2019ob\u00e9ir \u00e0 Dieu, en proclamant la Bonne Nouvelle, en conduisant des \u00e2mes \u00e0 Christ, en portant secours aux malades et aux afflig\u00e9s, en constituant des assembl\u00e9es vivantes et fraternelles, dans lesquelles les croyants peuvent s\u2019\u00e9difier, se d\u00e9velopper spirituellement, s\u2019\u00e9panouir dans l\u2019exp\u00e9rience de la gr\u00e2ce, et ouvrer ensemble pour la cause du Seigneur J\u00e9sus-Christ, en attendant son retour.<\/li>\n\n\n\n<li>Dans toutes les Assembl\u00e9es de Dieu, on peut trouver des personnes dont la vie a \u00e9t\u00e9 transform\u00e9e par la puissance de Dieu: des malades, des incurables qui ont \u00e9t\u00e9 gu\u00e9ris, miracul\u00e9s, en r\u00e9ponse \u00e0 la foi, \u00e0 la pri\u00e8re et l\u2019ob\u00e9issance aux commandements divins; des personnes dont la vie \u00e9tait bris\u00e9e pour des causes diverses, et qui ont retrouv\u00e9 la paix, leur foyer, le courage et la joie de vivre.<\/li>\n<\/ul>\n\n\n\n<p>En France, chaque Assembl\u00e9e de&nbsp;Dieu est constitu\u00e9e en association cultuelle, selon les lois de 1901 et 1905.<\/p>\n\n\n\n<p>Ces Assembl\u00e9es \u2013 dont la communion spirituelle et la collaboration fraternelle sont entretenues par le moyen de conventions r\u00e9gionales bi-annuelles et nationales annuelles \u2013 sont pr\u00e9sid\u00e9es par des pr\u00e9dicateurs et des \u00abanciens\u00bb, comme ministres du culte pour tous les actes cultuels, mariages et services fun\u00e8bres, lesquels sont toujours assur\u00e9s gratuitement.<\/p>\n\n\n\n<p>Chaque mouvement national est autonome et poss\u00e8de son enti\u00e8re ind\u00e9pendance financi\u00e8re et spirituelle. Les ressources des Assembl\u00e9es de Dieu de France sont constitu\u00e9es principalement des offrandes volontaires de leurs membres, avec lesquelles elles assument leurs frais et soutiennent l\u2019\u0153uvre missionnaire dans les pays en voie de d\u00e9veloppement.<\/p>\n\n\n\n<p>Les r\u00e9unions sont publiques. Aucun enseignement secret n\u2019est donn\u00e9. Tout peut y \u00eatre connu ou contr\u00f4l\u00e9.<\/p>\n\n\n\n<p>En r\u00e9sum\u00e9, les Assembl\u00e9es de Dieu sont des Eglises chr\u00e9tiennes b\u00e2ties sur le mod\u00e8le du Nouveau Testament, qui ne poursuivent d\u2019autre but que de r\u00e9pandre les enseignements du Christ et de ses ap\u00f4tres, et d\u2019aider leurs membres \u00e0 les mettre en pratique.<\/p>\n","protected":false},"excerpt":{"rendered":"<p>Que sont les Assembl\u00e9es de Dieu (ADD)? Pourquoi ce nom \u00abAssembl\u00e9es de Dieu\u00bb? Que sont-elles? Qu\u2019enseignent-elles? Quelles sont leurs pratiques? Les Assembl\u00e9es de Dieu, \u00e9tablies en France par le mouvement [&hellip;]<\/p>\n","protected":false},"author":1,"featured_media":363,"parent":0,"menu_order":0,"comment_status":"closed","ping_status":"closed","template":"","meta":{"footnotes":""},"class_list":["post-59","page","type-page","status-publish","has-post-thumbnail","hentry"],"_links":{"self":[{"href":"https:\/\/www.egliseunity.com\/index.php\/wp-json\/wp\/v2\/pages\/59","targetHints":{"allow":["GET"]}}],"collection":[{"href":"https:\/\/www.egliseunity.com\/index.php\/wp-json\/wp\/v2\/pages"}],"about":[{"href":"https:\/\/www.egliseunity.com\/index.php\/wp-json\/wp\/v2\/types\/page"}],"author":[{"embeddable":true,"href":"https:\/\/www.egliseunity.com\/index.php\/wp-json\/wp\/v2\/users\/1"}],"replies":[{"embeddable":true,"href":"https:\/\/www.egliseunity.com\/index.php\/wp-json\/wp\/v2\/comments?post=59"}],"version-history":[{"count":2,"href":"https:\/\/www.egliseunity.com\/index.php\/wp-json\/wp\/v2\/pages\/59\/revisions"}],"predecessor-version":[{"id":74,"href":"https:\/\/www.egliseunity.com\/index.php\/wp-json\/wp\/v2\/pages\/59\/revisions\/74"}],"wp:featuredmedia":[{"embeddable":true,"href":"https:\/\/www.egliseunity.com\/index.php\/wp-json\/wp\/v2\/media\/363"}],"wp:attachment":[{"href":"https:\/\/www.egliseunity.com\/index.php\/wp-json\/wp\/v2\/media?parent=59"}],"curies":[{"name":"wp","href":"https:\/\/api.w.org\/{rel}","templated":true}]}}